{"id":2828,"date":"2025-01-07T23:28:44","date_gmt":"2025-01-08T04:28:44","guid":{"rendered":"https:\/\/centrolasercali.com\/?page_id=2828"},"modified":"2025-01-09T14:07:49","modified_gmt":"2025-01-09T19:07:49","slug":"testimonios-resultados-antes-y-despues-opiniones-clientes-centro-laser-cali","status":"publish","type":"page","link":"https:\/\/centrolasercali.com\/en\/testimonials-before-after-results-reviews-centro-laser-cali-colombia","title":{"rendered":"Testimonials, results (before &amp; after), and customer reviews of Cali Laser Center, Colombia"},"content":{"rendered":"<div class=\"pgc-sgb-cb wp-block-pgcsimplygalleryblock-slider\" data-gallery-id=\"c3f60387\"style=\"&quot;min-height:400px&quot;\"><div class=\"sgb-preloader\" id=\"pr_c3f60387\">\n\t<div class=\"sgb-square\" style=\"background:#d4d4d4\"><\/div>\n\t<div class=\"sgb-square\" style=\"background:#d4d4d4\"><\/div>\n\t<div class=\"sgb-square\" style=\"background:#d4d4d4\"><\/div>\n\t<div class=\"sgb-square\" style=\"background:#d4d4d4\"><\/div><\/div><div class=\"simply-gallery-amp pgc_sgb_slider\" style=\"display: none;\"><div class=\"sgb-gallery\"><div class=\"sgb-item\"><video controls preload=\"none\"  src=\"https:\/\/centrolasercali.com\/wp-content\/uploads\/2025\/01\/Marcela-Gonzales-horizontal.mp4\"><\/video><\/div><div class=\"sgb-item\"><video controls preload=\"none\"  src=\"https:\/\/centrolasercali.com\/wp-content\/uploads\/2025\/01\/Julian-Sanchez-test.mp4\"><\/video><\/div><div class=\"sgb-item\"><video controls preload=\"none\" poster=\"https:\/\/centrolasercali.com\/wp-content\/uploads\/2025\/01\/alejandra-arcila_poster.jpg\" src=\"https:\/\/centrolasercali.com\/wp-content\/uploads\/2025\/01\/Alejandra-Arcila.mp4\"><\/video><\/div><div class=\"sgb-item\"><video controls preload=\"none\"  src=\"https:\/\/centrolasercali.com\/wp-content\/uploads\/2025\/01\/Luz-Adriana-Tascon.mp4\"><\/video><\/div><div class=\"sgb-item\"><video controls preload=\"none\"  src=\"https:\/\/centrolasercali.com\/wp-content\/uploads\/2025\/01\/Angelica-Maria-medina.mp4\"><\/video><\/div><div class=\"sgb-item\"><video controls preload=\"none\"  src=\"https:\/\/centrolasercali.com\/wp-content\/uploads\/2025\/01\/Alejandro-Mejia.mp4\"><\/video><\/div><div class=\"sgb-item\"><video controls preload=\"none\"  src=\"https:\/\/centrolasercali.com\/wp-content\/uploads\/2025\/01\/Carlos-Alberto-Rodriguez-test.mp4\"><\/video><\/div><\/div><\/div><script type=\"application\/json\" class=\"sgb-data\">{\"sliderAdminWidth\":750,\"galleryType\":\"pgc_sgb_slider\",\"galleryId\":\"c3f60387\",\"images\":[{\"id\":2831,\"title\":\"Marcela-Gonzales-horizontal\",\"url\":\"https:\/\/centrolasercali.com\/wp-content\/uploads\/2025\/01\/Marcela-Gonzales-horizontal.mp4\",\"link\":\"https:\/\/centrolasercali.com\/testimonios-resultados-antes-y-despues-opiniones-clientes-centro-laser-cali\/marcela-gonzales-horizontal\/\",\"alt\":\"\",\"description\":\"\",\"caption\":\"\",\"mime\":\"video\/mp4\",\"type\":\"video\",\"image\":{\"src\":\"https:\/\/centrolasercali.com\/wp-includes\/images\/media\/video.svg\",\"width\":48,\"height\":64},\"thumb\":{\"src\":\"https:\/\/centrolasercali.com\/wp-includes\/images\/media\/video.svg\",\"width\":48,\"height\":64},\"width\":848,\"height\":480,\"fileLength\":\"0:23\",\"meta\":{\"artist\":false,\"album\":false,\"bitrate\":1601850,\"bitrate_mode\":false},\"postlink\":\"https:\/\/centrolasercali.com\/testimonios-resultados-antes-y-despues-opiniones-clientes-centro-laser-cali\/marcela-gonzales-horizontal\/\"},{\"id\":2832,\"title\":\"Julian-Sanchez-test\",\"url\":\"https:\/\/centrolasercali.com\/wp-content\/uploads\/2025\/01\/Julian-Sanchez-test.mp4\",\"link\":\"https:\/\/centrolasercali.com\/testimonios-resultados-antes-y-despues-opiniones-clientes-centro-laser-cali\/julian-sanchez-test\/\",\"alt\":\"\",\"description\":\"\",\"caption\":\"\",\"mime\":\"video\/mp4\",\"type\":\"video\",\"image\":{\"src\":\"https:\/\/centrolasercali.com\/wp-includes\/images\/media\/video.svg\",\"width\":48,\"height\":64},\"thumb\":{\"src\":\"https:\/\/centrolasercali.com\/wp-includes\/images\/media\/video.svg\",\"width\":48,\"height\":64},\"width\":720,\"height\":1024,\"fileLength\":\"0:20\",\"meta\":{\"artist\":false,\"album\":false,\"bitrate\":2909385,\"bitrate_mode\":false},\"postlink\":\"https:\/\/centrolasercali.com\/testimonios-resultados-antes-y-despues-opiniones-clientes-centro-laser-cali\/julian-sanchez-test\/\"},{\"id\":2833,\"title\":\"Alejandra-Arcila\",\"url\":\"https:\/\/centrolasercali.com\/wp-content\/uploads\/2025\/01\/Alejandra-Arcila.mp4\",\"link\":\"https:\/\/centrolasercali.com\/testimonios-resultados-antes-y-despues-opiniones-clientes-centro-laser-cali\/alejandra-arcila\/\",\"alt\":\"\",\"description\":\"\",\"caption\":\"\",\"mime\":\"video\/mp4\",\"type\":\"video\",\"image\":{\"src\":\"https:\/\/centrolasercali.com\/wp-content\/uploads\/2025\/01\/alejandra-arcila_poster.jpg\",\"url\":\"https:\/\/centrolasercali.com\/wp-content\/uploads\/2025\/01\/alejandra-arcila_poster.jpg\",\"width\":480,\"height\":848},\"thumb\":{\"src\":\"https:\/\/centrolasercali.com\/wp-includes\/images\/media\/video.svg\",\"width\":48,\"height\":64},\"width\":480,\"height\":848,\"fileLength\":\"0:10\",\"meta\":{\"artist\":false,\"album\":false,\"bitrate\":1568472,\"bitrate_mode\":false},\"postlink\":\"https:\/\/centrolasercali.com\/testimonios-resultados-antes-y-despues-opiniones-clientes-centro-laser-cali\/alejandra-arcila\/\"},{\"id\":2834,\"title\":\"Luz-Adriana-Tascon\",\"url\":\"https:\/\/centrolasercali.com\/wp-content\/uploads\/2025\/01\/Luz-Adriana-Tascon.mp4\",\"link\":\"https:\/\/centrolasercali.com\/testimonios-resultados-antes-y-despues-opiniones-clientes-centro-laser-cali\/luz-adriana-tascon\/\",\"alt\":\"\",\"description\":\"\",\"caption\":\"\",\"mime\":\"video\/mp4\",\"type\":\"video\",\"image\":{\"src\":\"https:\/\/centrolasercali.com\/wp-includes\/images\/media\/video.svg\",\"width\":48,\"height\":64},\"thumb\":{\"src\":\"https:\/\/centrolasercali.com\/wp-includes\/images\/media\/video.svg\",\"width\":48,\"height\":64},\"width\":352,\"height\":512,\"fileLength\":\"0:21\",\"meta\":{\"artist\":false,\"album\":false,\"bitrate\":736611,\"bitrate_mode\":false},\"postlink\":\"https:\/\/centrolasercali.com\/testimonios-resultados-antes-y-despues-opiniones-clientes-centro-laser-cali\/luz-adriana-tascon\/\"},{\"id\":2835,\"title\":\"Angelica-Maria-medina\",\"url\":\"https:\/\/centrolasercali.com\/wp-content\/uploads\/2025\/01\/Angelica-Maria-medina.mp4\",\"link\":\"https:\/\/centrolasercali.com\/testimonios-resultados-antes-y-despues-opiniones-clientes-centro-laser-cali\/angelica-maria-medina\/\",\"alt\":\"\",\"description\":\"\",\"caption\":\"\",\"mime\":\"video\/mp4\",\"type\":\"video\",\"image\":{\"src\":\"https:\/\/centrolasercali.com\/wp-includes\/images\/media\/video.svg\",\"width\":48,\"height\":64},\"thumb\":{\"src\":\"https:\/\/centrolasercali.com\/wp-includes\/images\/media\/video.svg\",\"width\":48,\"height\":64},\"width\":1280,\"height\":720,\"fileLength\":\"0:35\",\"meta\":{\"artist\":false,\"album\":false,\"bitrate\":2968782,\"bitrate_mode\":false},\"postlink\":\"https:\/\/centrolasercali.com\/testimonios-resultados-antes-y-despues-opiniones-clientes-centro-laser-cali\/angelica-maria-medina\/\"},{\"id\":2836,\"title\":\"Alejandro-Mejia\",\"url\":\"https:\/\/centrolasercali.com\/wp-content\/uploads\/2025\/01\/Alejandro-Mejia.mp4\",\"link\":\"https:\/\/centrolasercali.com\/testimonios-resultados-antes-y-despues-opiniones-clientes-centro-laser-cali\/alejandro-mejia\/\",\"alt\":\"\",\"description\":\"\",\"caption\":\"\",\"mime\":\"video\/mp4\",\"type\":\"video\",\"image\":{\"src\":\"https:\/\/centrolasercali.com\/wp-includes\/images\/media\/video.svg\",\"width\":48,\"height\":64},\"thumb\":{\"src\":\"https:\/\/centrolasercali.com\/wp-includes\/images\/media\/video.svg\",\"width\":48,\"height\":64},\"width\":480,\"height\":656,\"fileLength\":\"0:22\",\"meta\":{\"artist\":false,\"album\":false,\"bitrate\":1248060,\"bitrate_mode\":false},\"postlink\":\"https:\/\/centrolasercali.com\/testimonios-resultados-antes-y-despues-opiniones-clientes-centro-laser-cali\/alejandro-mejia\/\"},{\"id\":2830,\"title\":\"Carlos-Alberto-Rodriguez-test\",\"url\":\"https:\/\/centrolasercali.com\/wp-content\/uploads\/2025\/01\/Carlos-Alberto-Rodriguez-test.mp4\",\"link\":\"https:\/\/centrolasercali.com\/testimonios-resultados-antes-y-despues-opiniones-clientes-centro-laser-cali\/carlos-alberto-rodriguez-test\/\",\"alt\":\"\",\"description\":\"\",\"caption\":\"\",\"mime\":\"video\/mp4\",\"type\":\"video\",\"image\":{\"src\":\"https:\/\/centrolasercali.com\/wp-includes\/images\/media\/video.svg\",\"width\":48,\"height\":64},\"thumb\":{\"src\":\"https:\/\/centrolasercali.com\/wp-includes\/images\/media\/video.svg\",\"width\":48,\"height\":64},\"width\":1280,\"height\":720,\"fileLength\":\"0:58\",\"meta\":{\"artist\":false,\"album\":false,\"bitrate\":2893014,\"bitrate_mode\":false},\"postlink\":\"https:\/\/centrolasercali.com\/testimonios-resultados-antes-y-despues-opiniones-clientes-centro-laser-cali\/carlos-alberto-rodriguez-test\/\"}],\"TrpContentRestriction\":{\"restriction_type\":\"exclude\",\"selected_languages\":[],\"panel_open\":true},\"itemsMetaDataCollection\":[]}<\/script><script>(function(){if(window.PGC_SGB && window.PGC_SGB.searcher){window.PGC_SGB.searcher.initBlocks()}})()<\/script><\/div>","protected":false},"excerpt":{"rendered":"","protected":false},"author":7,"featured_media":0,"parent":0,"menu_order":0,"comment_status":"closed","ping_status":"closed","template":"","meta":{"_acf_changed":false,"_uag_custom_page_level_css":"","site-sidebar-layout":"default","site-content-layout":"","ast-site-content-layout":"","site-content-style":"default","site-sidebar-style":"default","ast-global-header-display":"","ast-banner-title-visibility":"","ast-main-header-display":"","ast-hfb-above-header-display":"","ast-hfb-below-header-display":"","ast-hfb-mobile-header-display":"","site-post-title":"","ast-breadcrumbs-content":"","ast-featured-img":"","footer-sml-layout":"","theme-transparent-header-meta":"","adv-header-id-meta":"","stick-header-meta":"","header-above-stick-meta":"","header-main-stick-meta":"","header-below-stick-meta":"","astra-migrate-meta-layouts":"default","ast-page-background-enabled":"default","ast-page-background-meta":{"desktop":{"background-color":"var(--ast-global-color-4)","background-image":"","background-repeat":"repeat","background-position":"center center","background-size":"auto","background-attachment":"scroll","background-type":"","background-media":"","overlay-type":"","overlay-color":"","overlay-opacity":"","overlay-gradient":""},"tablet":{"background-color":"","background-image":"","background-repeat":"repeat","background-position":"center center","background-size":"auto","background-attachment":"scroll","background-type":"","background-media":"","overlay-type":"","overlay-color":"","overlay-opacity":"","overlay-gradient":""},"mobile":{"background-color":"","background-image":"","background-repeat":"repeat","background-position":"center center","background-size":"auto","background-attachment":"scroll","background-type":"","background-media":"","overlay-type":"","overlay-color":"","overlay-opacity":"","overlay-gradient":""}},"ast-content-background-meta":{"desktop":{"background-color":"var(--ast-global-color-5)","background-image":"","background-repeat":"repeat","background-position":"center center","background-size":"auto","background-attachment":"scroll","background-type":"","background-media":"","overlay-type":"","overlay-color":"","overlay-opacity":"","overlay-gradient":""},"tablet":{"background-color":"var(--ast-global-color-5)","background-image":"","background-repeat":"repeat","background-position":"center center","background-size":"auto","background-attachment":"scroll","background-type":"","background-media":"","overlay-type":"","overlay-color":"","overlay-opacity":"","overlay-gradient":""},"mobile":{"background-color":"var(--ast-global-color-5)","background-image":"","background-repeat":"repeat","background-position":"center center","background-size":"auto","background-attachment":"scroll","background-type":"","background-media":"","overlay-type":"","overlay-color":"","overlay-opacity":"","overlay-gradient":""}},"pgc_sgb_lightbox_settings":"","footnotes":""},"class_list":["post-2828","page","type-page","status-publish","hentry"],"acf":[],"yoast_head":"<!-- This site is optimized with the Yoast SEO Premium plugin v23.8 (Yoast SEO v26.9) - https:\/\/yoast.com\/product\/yoast-seo-premium-wordpress\/ -->\n<title>Testimonios, resultados (antes &amp; despu\u00e9s) y opiniones de clientes de Centro L\u00e1ser Cali | Centro L\u00e1ser Cali<\/title>\n<meta name=\"robots\" content=\"index, follow, max-snippet:-1, max-image-preview:large, max-video-preview:-1\" \/>\n<link rel=\"canonical\" href=\"https:\/\/centrolasercali.com\/en\/testimonials-before-after-results-reviews-centro-laser-cali-colombia\" \/>\n<meta property=\"og:locale\" content=\"en_US\" \/>\n<meta property=\"og:type\" content=\"article\" \/>\n<meta property=\"og:title\" content=\"Testimonios, resultados (antes &amp; despu\u00e9s) y opiniones de clientes de Centro L\u00e1ser Cali | Centro L\u00e1ser Cali\" \/>\n<meta property=\"og:url\" content=\"https:\/\/centrolasercali.com\/en\/testimonials-before-after-results-reviews-centro-laser-cali-colombia\" \/>\n<meta property=\"og:site_name\" content=\"Centro L\u00e1ser Cali\" \/>\n<meta property=\"article:publisher\" content=\"https:\/\/www.facebook.com\/centrolasercalisas\" \/>\n<meta property=\"article:modified_time\" content=\"2025-01-09T19:07:49+00:00\" \/>\n<meta name=\"twitter:card\" content=\"summary_large_image\" \/>\n<meta name=\"twitter:site\" content=\"@CaliLaser\" \/>\n<script type=\"application\/ld+json\" class=\"yoast-schema-graph\">{\"@context\":\"https:\/\/schema.org\",\"@graph\":[{\"@type\":\"WebPage\",\"@id\":\"https:\/\/centrolasercali.com\/testimonios-resultados-antes-y-despues-opiniones-clientes-centro-laser-cali\",\"url\":\"https:\/\/centrolasercali.com\/testimonios-resultados-antes-y-despues-opiniones-clientes-centro-laser-cali\",\"name\":\"Testimonios, resultados (antes &amp; despu\u00e9s) y opiniones de clientes de Centro L\u00e1ser Cali | Centro L\u00e1ser Cali\",\"isPartOf\":{\"@id\":\"https:\/\/centrolasercali.com\/#website\"},\"datePublished\":\"2025-01-08T04:28:44+00:00\",\"dateModified\":\"2025-01-09T19:07:49+00:00\",\"breadcrumb\":{\"@id\":\"https:\/\/centrolasercali.com\/testimonios-resultados-antes-y-despues-opiniones-clientes-centro-laser-cali#breadcrumb\"},\"inLanguage\":\"en-US\",\"potentialAction\":[{\"@type\":\"ReadAction\",\"target\":[\"https:\/\/centrolasercali.com\/testimonios-resultados-antes-y-despues-opiniones-clientes-centro-laser-cali\"]}]},{\"@type\":\"BreadcrumbList\",\"@id\":\"https:\/\/centrolasercali.com\/testimonios-resultados-antes-y-despues-opiniones-clientes-centro-laser-cali#breadcrumb\",\"itemListElement\":[{\"@type\":\"ListItem\",\"position\":1,\"name\":\"Inicio\",\"item\":\"https:\/\/centrolasercali.com\/\"},{\"@type\":\"ListItem\",\"position\":2,\"name\":\"Testimonios, resultados (antes &amp; despu\u00e9s) y opiniones de clientes de Centro L\u00e1ser Cali\"}]},{\"@type\":\"WebSite\",\"@id\":\"https:\/\/centrolasercali.com\/#website\",\"url\":\"https:\/\/centrolasercali.com\/\",\"name\":\"Centro L\u00e1ser Cali\",\"description\":\"Cl\u00ednica de tratamientos l\u00e1ser est\u00e9ticos de \u00faltima tecnolog\u00eda en Cali, Colombia.\",\"publisher\":{\"@id\":\"https:\/\/centrolasercali.com\/#organization\"},\"potentialAction\":[{\"@type\":\"SearchAction\",\"target\":{\"@type\":\"EntryPoint\",\"urlTemplate\":\"https:\/\/centrolasercali.com\/?s={search_term_string}\"},\"query-input\":{\"@type\":\"PropertyValueSpecification\",\"valueRequired\":true,\"valueName\":\"search_term_string\"}}],\"inLanguage\":\"en-US\"},{\"@type\":[\"Organization\",\"Place\"],\"@id\":\"https:\/\/centrolasercali.com\/#organization\",\"name\":\"Centro L\u00e1ser Cali\",\"url\":\"https:\/\/centrolasercali.com\/\",\"logo\":{\"@id\":\"https:\/\/centrolasercali.com\/testimonios-resultados-antes-y-despues-opiniones-clientes-centro-laser-cali#local-main-organization-logo\"},\"image\":{\"@id\":\"https:\/\/centrolasercali.com\/testimonios-resultados-antes-y-despues-opiniones-clientes-centro-laser-cali#local-main-organization-logo\"},\"sameAs\":[\"https:\/\/www.facebook.com\/centrolasercalisas\",\"https:\/\/x.com\/CaliLaser\",\"https:\/\/www.instagram.com\/centrolasercalisas\/\",\"https:\/\/www.instagram.com\/centrolasercali\/\",\"https:\/\/www.facebook.com\/centrolasercali\",\"https:\/\/www.youtube.com\/@calilaser\",\"https:\/\/www.tiktok.com\/@centro_laser_cali\"],\"address\":{\"@id\":\"https:\/\/centrolasercali.com\/testimonios-resultados-antes-y-despues-opiniones-clientes-centro-laser-cali#local-main-place-address\"},\"geo\":{\"@type\":\"GeoCoordinates\",\"latitude\":\"3.4254492770237785\",\"longitude\":\"-76.54306432698682\"},\"telephone\":[\"3012753743\"],\"contactPoint\":{\"@type\":\"ContactPoint\",\"email\":\"centrolasercali@gmail.com\"},\"openingHoursSpecification\":[{\"@type\":\"OpeningHoursSpecification\",\"dayOfWeek\":[\"Monday\",\"Tuesday\",\"Wednesday\",\"Thursday\",\"Friday\"],\"opens\":\"08:00\",\"closes\":\"17:30\"},{\"@type\":\"OpeningHoursSpecification\",\"dayOfWeek\":[\"Saturday\"],\"opens\":\"08:00\",\"closes\":\"13:00\"},{\"@type\":\"OpeningHoursSpecification\",\"dayOfWeek\":[\"Sunday\"],\"opens\":\"00:00\",\"closes\":\"00:00\"}],\"email\":\"centrolasercali@gmail.com\"},{\"@type\":\"PostalAddress\",\"@id\":\"https:\/\/centrolasercali.com\/testimonios-resultados-antes-y-despues-opiniones-clientes-centro-laser-cali#local-main-place-address\",\"streetAddress\":\"Calle 5ta B5 # 38-54, San Fernando Viejo\",\"addressLocality\":\"Cali\",\"postalCode\":\"760043\",\"addressRegion\":\"Valle del Cauca\",\"addressCountry\":\"CO\"},{\"@type\":\"ImageObject\",\"inLanguage\":\"en-US\",\"@id\":\"https:\/\/centrolasercali.com\/testimonios-resultados-antes-y-despues-opiniones-clientes-centro-laser-cali#local-main-organization-logo\",\"url\":\"https:\/\/centrolasercali.com\/wp-content\/uploads\/2024\/01\/logo-centro-laser-rgb-ICO.png\",\"contentUrl\":\"https:\/\/centrolasercali.com\/wp-content\/uploads\/2024\/01\/logo-centro-laser-rgb-ICO.png\",\"width\":512,\"height\":512,\"caption\":\"Centro L\u00e1ser Cali\"}]}<\/script>\n<meta name=\"geo.placename\" content=\"Cali\" \/>\n<meta name=\"geo.position\" content=\"3.4254492770237785;-76.54306432698682\" \/>\n<meta name=\"geo.region\" content=\"Colombia\" \/>\n<!-- \/ Yoast SEO Premium plugin. -->","yoast_head_json":{"title":"Testimonios, resultados (antes &amp; despu\u00e9s) y opiniones de clientes de Centro L\u00e1ser Cali | Centro L\u00e1ser Cali","robots":{"index":"index","follow":"follow","max-snippet":"max-snippet:-1","max-image-preview":"max-image-preview:large","max-video-preview":"max-video-preview:-1"},"canonical":"https:\/\/centrolasercali.com\/en\/testimonials-before-after-results-reviews-centro-laser-cali-colombia","og_locale":"en_US","og_type":"article","og_title":"Testimonios, resultados (antes &amp; despu\u00e9s) y opiniones de clientes de Centro L\u00e1ser Cali | Centro L\u00e1ser Cali","og_url":"https:\/\/centrolasercali.com\/en\/testimonials-before-after-results-reviews-centro-laser-cali-colombia","og_site_name":"Centro L\u00e1ser Cali","article_publisher":"https:\/\/www.facebook.com\/centrolasercalisas","article_modified_time":"2025-01-09T19:07:49+00:00","twitter_card":"summary_large_image","twitter_site":"@CaliLaser","schema":{"@context":"https:\/\/schema.org","@graph":[{"@type":"WebPage","@id":"https:\/\/centrolasercali.com\/testimonios-resultados-antes-y-despues-opiniones-clientes-centro-laser-cali","url":"https:\/\/centrolasercali.com\/testimonios-resultados-antes-y-despues-opiniones-clientes-centro-laser-cali","name":"Testimonios, resultados (antes &amp; despu\u00e9s) y opiniones de clientes de Centro L\u00e1ser Cali | Centro L\u00e1ser Cali","isPartOf":{"@id":"https:\/\/centrolasercali.com\/#website"},"datePublished":"2025-01-08T04:28:44+00:00","dateModified":"2025-01-09T19:07:49+00:00","breadcrumb":{"@id":"https:\/\/centrolasercali.com\/testimonios-resultados-antes-y-despues-opiniones-clientes-centro-laser-cali#breadcrumb"},"inLanguage":"en-US","potentialAction":[{"@type":"ReadAction","target":["https:\/\/centrolasercali.com\/testimonios-resultados-antes-y-despues-opiniones-clientes-centro-laser-cali"]}]},{"@type":"BreadcrumbList","@id":"https:\/\/centrolasercali.com\/testimonios-resultados-antes-y-despues-opiniones-clientes-centro-laser-cali#breadcrumb","itemListElement":[{"@type":"ListItem","position":1,"name":"Inicio","item":"https:\/\/centrolasercali.com\/"},{"@type":"ListItem","position":2,"name":"Testimonios, resultados (antes &amp; despu\u00e9s) y opiniones de clientes de Centro L\u00e1ser Cali"}]},{"@type":"WebSite","@id":"https:\/\/centrolasercali.com\/#website","url":"https:\/\/centrolasercali.com\/","name":"Centro L\u00e1ser Cali","description":"Cl\u00ednica de tratamientos l\u00e1ser est\u00e9ticos de \u00faltima tecnolog\u00eda en Cali, Colombia.","publisher":{"@id":"https:\/\/centrolasercali.com\/#organization"},"potentialAction":[{"@type":"SearchAction","target":{"@type":"EntryPoint","urlTemplate":"https:\/\/centrolasercali.com\/?s={search_term_string}"},"query-input":{"@type":"PropertyValueSpecification","valueRequired":true,"valueName":"search_term_string"}}],"inLanguage":"en-US"},{"@type":["Organization","Place"],"@id":"https:\/\/centrolasercali.com\/#organization","name":"Centro L\u00e1ser Cali","url":"https:\/\/centrolasercali.com\/","logo":{"@id":"https:\/\/centrolasercali.com\/testimonios-resultados-antes-y-despues-opiniones-clientes-centro-laser-cali#local-main-organization-logo"},"image":{"@id":"https:\/\/centrolasercali.com\/testimonios-resultados-antes-y-despues-opiniones-clientes-centro-laser-cali#local-main-organization-logo"},"sameAs":["https:\/\/www.facebook.com\/centrolasercalisas","https:\/\/x.com\/CaliLaser","https:\/\/www.instagram.com\/centrolasercalisas\/","https:\/\/www.instagram.com\/centrolasercali\/","https:\/\/www.facebook.com\/centrolasercali","https:\/\/www.youtube.com\/@calilaser","https:\/\/www.tiktok.com\/@centro_laser_cali"],"address":{"@id":"https:\/\/centrolasercali.com\/testimonios-resultados-antes-y-despues-opiniones-clientes-centro-laser-cali#local-main-place-address"},"geo":{"@type":"GeoCoordinates","latitude":"3.4254492770237785","longitude":"-76.54306432698682"},"telephone":["3012753743"],"contactPoint":{"@type":"ContactPoint","email":"centrolasercali@gmail.com"},"openingHoursSpecification":[{"@type":"OpeningHoursSpecification","dayOfWeek":["Monday","Tuesday","Wednesday","Thursday","Friday"],"opens":"08:00","closes":"17:30"},{"@type":"OpeningHoursSpecification","dayOfWeek":["Saturday"],"opens":"08:00","closes":"13:00"},{"@type":"OpeningHoursSpecification","dayOfWeek":["Sunday"],"opens":"00:00","closes":"00:00"}],"email":"centrolasercali@gmail.com"},{"@type":"PostalAddress","@id":"https:\/\/centrolasercali.com\/testimonios-resultados-antes-y-despues-opiniones-clientes-centro-laser-cali#local-main-place-address","streetAddress":"Calle 5ta B5 # 38-54, San Fernando Viejo","addressLocality":"Cali","postalCode":"760043","addressRegion":"Valle del Cauca","addressCountry":"CO"},{"@type":"ImageObject","inLanguage":"en-US","@id":"https:\/\/centrolasercali.com\/testimonios-resultados-antes-y-despues-opiniones-clientes-centro-laser-cali#local-main-organization-logo","url":"https:\/\/centrolasercali.com\/wp-content\/uploads\/2024\/01\/logo-centro-laser-rgb-ICO.png","contentUrl":"https:\/\/centrolasercali.com\/wp-content\/uploads\/2024\/01\/logo-centro-laser-rgb-ICO.png","width":512,"height":512,"caption":"Centro L\u00e1ser Cali"}]},"geo.placename":"Cali","geo.position":{"lat":"3.4254492770237785","long":"-76.54306432698682"},"geo.region":"Colombia"},"spectra_custom_meta":{"_edit_lock":["1736454644:7"],"_edit_last":["7"],"_yoast_indexnow_last_ping":["1736449670"],"_yoast_wpseo_focuskeywords":[""],"_yoast_wpseo_keywordsynonyms":[""],"_yoast_wpseo_estimated-reading-time-minutes":[""],"_wpb_post_custom_layout":["default"],"_uag_page_assets":["a:9:{s:3:\"css\";s:263:\".uag-blocks-common-selector{z-index:var(--z-index-desktop) !important}@media (max-width: 976px){.uag-blocks-common-selector{z-index:var(--z-index-tablet) !important}}@media (max-width: 767px){.uag-blocks-common-selector{z-index:var(--z-index-mobile) !important}}\n\";s:2:\"js\";s:0:\"\";s:18:\"current_block_list\";a:2:{i:0;s:14:\"core\/shortcode\";i:1;s:10:\"core\/group\";}s:8:\"uag_flag\";b:0;s:11:\"uag_version\";s:10:\"1775598328\";s:6:\"gfonts\";a:0:{}s:10:\"gfonts_url\";s:0:\"\";s:12:\"gfonts_files\";a:0:{}s:14:\"uag_faq_layout\";b:0;}"],"astra_style_timestamp_css":["1772578250"],"_uag_css_file_name":["uag-css-2828.css"]},"uagb_featured_image_src":{"full":false,"thumbnail":false,"medium":false,"medium_large":false,"large":false,"1536x1536":false,"2048x2048":false,"trp-custom-language-flag":false,"woocommerce_thumbnail":false,"woocommerce_single":false,"woocommerce_gallery_thumbnail":false},"uagb_author_info":{"display_name":"Dayanna Chaux","author_link":"https:\/\/centrolasercali.com\/en\/author\/dayanna-chaux"},"uagb_comment_info":0,"uagb_excerpt":null,"_links":{"self":[{"href":"https:\/\/centrolasercali.com\/en\/wp-json\/wp\/v2\/pages\/2828","targetHints":{"allow":["GET"]}}],"collection":[{"href":"https:\/\/centrolasercali.com\/en\/wp-json\/wp\/v2\/pages"}],"about":[{"href":"https:\/\/centrolasercali.com\/en\/wp-json\/wp\/v2\/types\/page"}],"author":[{"embeddable":true,"href":"https:\/\/centrolasercali.com\/en\/wp-json\/wp\/v2\/users\/7"}],"replies":[{"embeddable":true,"href":"https:\/\/centrolasercali.com\/en\/wp-json\/wp\/v2\/comments?post=2828"}],"version-history":[{"count":3,"href":"https:\/\/centrolasercali.com\/en\/wp-json\/wp\/v2\/pages\/2828\/revisions"}],"predecessor-version":[{"id":2909,"href":"https:\/\/centrolasercali.com\/en\/wp-json\/wp\/v2\/pages\/2828\/revisions\/2909"}],"wp:attachment":[{"href":"https:\/\/centrolasercali.com\/en\/wp-json\/wp\/v2\/media?parent=2828"}],"curies":[{"name":"wp","href":"https:\/\/api.w.org\/{rel}","templated":true}]}}