{"id":2088,"date":"2024-12-04T03:38:46","date_gmt":"2024-12-04T08:38:46","guid":{"rendered":"https:\/\/centrolasercali.com\/?page_id=2088"},"modified":"2025-01-08T13:42:57","modified_gmt":"2025-01-08T18:42:57","slug":"terminos-condiciones","status":"publish","type":"page","link":"https:\/\/centrolasercali.com\/en\/terms-conditions","title":{"rendered":"Terms &amp; Conditions"},"content":{"rendered":"<h2 class=\"wp-block-heading\" id=\"h-centro-laser-cali\"><strong>Cali Laser Center<\/strong><\/h2>\n\n\n\n<p>Welcome to the website of<strong> Cali Laser Center<\/strong> (<a href=\"https:\/\/centrolasercali.com\/en\/\"><strong>www.centrolasercali.com<\/strong><\/a>). By accessing and using this web site, you agree to abide by the following terms and conditions. If you do not agree with these terms, please refrain from using our site.<\/p>\n\n\n\n<h4 class=\"wp-block-heading\" id=\"h-uso-del-sitio-web\"><strong>Use of the web site<\/strong><\/h4>\n\n\n\n<p>Access to and use of this website is permitted solely for personal purposes and not commercial. It is forbidden to:<\/p>\n\n\n\n<ul class=\"wp-block-list\">\n<li>Reproduce, distribute or modify the contents without prior authorization.<\/li>\n\n\n\n<li>Use the website for illegal or unauthorized activities.<\/li>\n\n\n\n<li>To introduce viruses, malware or other elements that may damage the operation of the site.<\/li>\n<\/ul>\n\n\n\n<h4 class=\"wp-block-heading\" id=\"h-propiedad-intelectual\"><strong>Intellectual property<\/strong><\/h4>\n\n\n\n<p>All content on this web site, including text, images, logos, graphics and designs, are the property of <strong>Cali Laser Center <\/strong>and is protected by copyright laws and intellectual property. It is forbidden total or partial reproduction without our consent.<\/p>\n\n\n\n<h4 class=\"wp-block-heading\" id=\"h-enlaces-a-terceros\"><strong>Third-party links<\/strong><\/h4>\n\n\n\n<p>Our website may contain links to third-party web sites. <strong>Cali Laser Center <\/strong>is not responsible for the content, terms of use or privacy policies of these sites.<\/p>\n\n\n\n<h4 class=\"wp-block-heading\" id=\"h-limitaciones-de-responsabilidad\"><strong>Limitations of liability<\/strong><\/h4>\n\n\n\n<p><strong>Cali Laser Center<\/strong> does not warrant that the site will be available at all times or that it will be error free or uninterrupted. We are not responsible for damage arising from use of our site, except in cases required by law.<\/p>\n\n\n\n<h4 class=\"wp-block-heading\" id=\"h-modificaciones\"><strong>Modifications<\/strong><\/h4>\n\n\n\n<p><strong>Cali Laser Center<\/strong> reserves the right to modify these terms and conditions at any time. Amendments will be published on this page and are effective immediately.<\/p>\n\n\n\n<h4 class=\"wp-block-heading\" id=\"h-ley-aplicable\"><strong>Applicable law<\/strong><\/h4>\n\n\n\n<p>These terms and conditions are governed by the laws of the Republic of Colombia. Any dispute will be resolved before the courts of colombians.<\/p>\n\n\n\n<h4 class=\"wp-block-heading\" id=\"h-contacto\"><strong>Contact<\/strong><\/h4>\n\n\n\n<p>If you have any questions about these terms and conditions, you can contact us through:<\/p>\n\n\n\n<ul class=\"wp-block-list\">\n<li><strong>E-mail:<\/strong> centrolasercali@gmail.com<\/li>\n\n\n\n<li><strong>Phone:<\/strong> +57 3012753743<\/li>\n<\/ul>\n\n\n\n<p><\/p>","protected":false},"excerpt":{"rendered":"<p>Centro L\u00e1ser Cali Bienvenido al sitio web de Centro L\u00e1ser Cali (www.centrolasercali.com). Al acceder y utilizar este sitio web, aceptas cumplir con los siguientes t\u00e9rminos y condiciones. Si no est\u00e1s [&hellip;]<\/p>","protected":false},"author":7,"featured_media":0,"parent":0,"menu_order":0,"comment_status":"closed","ping_status":"closed","template":"","meta":{"_acf_changed":false,"_uag_custom_page_level_css":"","site-sidebar-layout":"default","site-content-layout":"","ast-site-content-layout":"","site-content-style":"default","site-sidebar-style":"default","ast-global-header-display":"","ast-banner-title-visibility":"","ast-main-header-display":"","ast-hfb-above-header-display":"","ast-hfb-below-header-display":"","ast-hfb-mobile-header-display":"","site-post-title":"","ast-breadcrumbs-content":"","ast-featured-img":"","footer-sml-layout":"","theme-transparent-header-meta":"","adv-header-id-meta":"","stick-header-meta":"","header-above-stick-meta":"","header-main-stick-meta":"","header-below-stick-meta":"","astra-migrate-meta-layouts":"default","ast-page-background-enabled":"default","ast-page-background-meta":{"desktop":{"background-color":"var(--ast-global-color-4)","background-image":"","background-repeat":"repeat","background-position":"center center","background-size":"auto","background-attachment":"scroll","background-type":"","background-media":"","overlay-type":"","overlay-color":"","overlay-opacity":"","overlay-gradient":""},"tablet":{"background-color":"","background-image":"","background-repeat":"repeat","background-position":"center center","background-size":"auto","background-attachment":"scroll","background-type":"","background-media":"","overlay-type":"","overlay-color":"","overlay-opacity":"","overlay-gradient":""},"mobile":{"background-color":"","background-image":"","background-repeat":"repeat","background-position":"center center","background-size":"auto","background-attachment":"scroll","background-type":"","background-media":"","overlay-type":"","overlay-color":"","overlay-opacity":"","overlay-gradient":""}},"ast-content-background-meta":{"desktop":{"background-color":"var(--ast-global-color-5)","background-image":"","background-repeat":"repeat","background-position":"center center","background-size":"auto","background-attachment":"scroll","background-type":"","background-media":"","overlay-type":"","overlay-color":"","overlay-opacity":"","overlay-gradient":""},"tablet":{"background-color":"var(--ast-global-color-5)","background-image":"","background-repeat":"repeat","background-position":"center center","background-size":"auto","background-attachment":"scroll","background-type":"","background-media":"","overlay-type":"","overlay-color":"","overlay-opacity":"","overlay-gradient":""},"mobile":{"background-color":"var(--ast-global-color-5)","background-image":"","background-repeat":"repeat","background-position":"center center","background-size":"auto","background-attachment":"scroll","background-type":"","background-media":"","overlay-type":"","overlay-color":"","overlay-opacity":"","overlay-gradient":""}},"pgc_sgb_lightbox_settings":"","footnotes":""},"class_list":["post-2088","page","type-page","status-publish","hentry"],"acf":[],"yoast_head":"<!-- This site is optimized with the Yoast SEO Premium plugin v23.8 (Yoast SEO v26.9) - https:\/\/yoast.com\/product\/yoast-seo-premium-wordpress\/ -->\n<title>T\u00e9rminos &amp; Condiciones | Centro L\u00e1ser Cali<\/title>\n<meta name=\"robots\" content=\"index, follow, max-snippet:-1, max-image-preview:large, max-video-preview:-1\" \/>\n<link rel=\"canonical\" href=\"https:\/\/centrolasercali.com\/en\/terms-conditions\" \/>\n<meta property=\"og:locale\" content=\"en_US\" \/>\n<meta property=\"og:type\" content=\"article\" \/>\n<meta property=\"og:title\" content=\"T\u00e9rminos &amp; Condiciones | Centro L\u00e1ser Cali\" \/>\n<meta property=\"og:description\" content=\"Centro L\u00e1ser Cali Bienvenido al sitio web de Centro L\u00e1ser Cali (www.centrolasercali.com). Al acceder y utilizar este sitio web, aceptas cumplir con los\" \/>\n<meta property=\"og:url\" content=\"https:\/\/centrolasercali.com\/en\/terms-conditions\" \/>\n<meta property=\"og:site_name\" content=\"Centro L\u00e1ser Cali\" \/>\n<meta property=\"article:publisher\" content=\"https:\/\/www.facebook.com\/centrolasercalisas\" \/>\n<meta property=\"article:modified_time\" content=\"2025-01-08T18:42:57+00:00\" \/>\n<meta name=\"twitter:card\" content=\"summary_large_image\" \/>\n<meta name=\"twitter:site\" content=\"@CaliLaser\" \/>\n<meta name=\"twitter:label1\" content=\"Est. reading time\" \/>\n\t<meta name=\"twitter:data1\" content=\"2 minutes\" \/>\n<script type=\"application\/ld+json\" class=\"yoast-schema-graph\">{\"@context\":\"https:\/\/schema.org\",\"@graph\":[{\"@type\":\"WebPage\",\"@id\":\"https:\/\/centrolasercali.com\/terminos-condiciones\",\"url\":\"https:\/\/centrolasercali.com\/terminos-condiciones\",\"name\":\"T\u00e9rminos &amp; Condiciones | Centro L\u00e1ser Cali\",\"isPartOf\":{\"@id\":\"https:\/\/centrolasercali.com\/#website\"},\"datePublished\":\"2024-12-04T08:38:46+00:00\",\"dateModified\":\"2025-01-08T18:42:57+00:00\",\"breadcrumb\":{\"@id\":\"https:\/\/centrolasercali.com\/terminos-condiciones#breadcrumb\"},\"inLanguage\":\"en-US\",\"potentialAction\":[{\"@type\":\"ReadAction\",\"target\":[\"https:\/\/centrolasercali.com\/terminos-condiciones\"]}]},{\"@type\":\"BreadcrumbList\",\"@id\":\"https:\/\/centrolasercali.com\/terminos-condiciones#breadcrumb\",\"itemListElement\":[{\"@type\":\"ListItem\",\"position\":1,\"name\":\"Inicio\",\"item\":\"https:\/\/centrolasercali.com\/\"},{\"@type\":\"ListItem\",\"position\":2,\"name\":\"T\u00e9rminos &amp; Condiciones\"}]},{\"@type\":\"WebSite\",\"@id\":\"https:\/\/centrolasercali.com\/#website\",\"url\":\"https:\/\/centrolasercali.com\/\",\"name\":\"Centro L\u00e1ser Cali\",\"description\":\"Cl\u00ednica de tratamientos l\u00e1ser est\u00e9ticos de \u00faltima tecnolog\u00eda en Cali, Colombia.\",\"publisher\":{\"@id\":\"https:\/\/centrolasercali.com\/#organization\"},\"potentialAction\":[{\"@type\":\"SearchAction\",\"target\":{\"@type\":\"EntryPoint\",\"urlTemplate\":\"https:\/\/centrolasercali.com\/?s={search_term_string}\"},\"query-input\":{\"@type\":\"PropertyValueSpecification\",\"valueRequired\":true,\"valueName\":\"search_term_string\"}}],\"inLanguage\":\"en-US\"},{\"@type\":[\"Organization\",\"Place\"],\"@id\":\"https:\/\/centrolasercali.com\/#organization\",\"name\":\"Centro L\u00e1ser Cali\",\"url\":\"https:\/\/centrolasercali.com\/\",\"logo\":{\"@id\":\"https:\/\/centrolasercali.com\/terminos-condiciones#local-main-organization-logo\"},\"image\":{\"@id\":\"https:\/\/centrolasercali.com\/terminos-condiciones#local-main-organization-logo\"},\"sameAs\":[\"https:\/\/www.facebook.com\/centrolasercalisas\",\"https:\/\/x.com\/CaliLaser\",\"https:\/\/www.instagram.com\/centrolasercalisas\/\",\"https:\/\/www.instagram.com\/centrolasercali\/\",\"https:\/\/www.facebook.com\/centrolasercali\",\"https:\/\/www.youtube.com\/@calilaser\",\"https:\/\/www.tiktok.com\/@centro_laser_cali\"],\"address\":{\"@id\":\"https:\/\/centrolasercali.com\/terminos-condiciones#local-main-place-address\"},\"geo\":{\"@type\":\"GeoCoordinates\",\"latitude\":\"3.4254492770237785\",\"longitude\":\"-76.54306432698682\"},\"telephone\":[\"3012753743\"],\"contactPoint\":{\"@type\":\"ContactPoint\",\"email\":\"centrolasercali@gmail.com\"},\"openingHoursSpecification\":[{\"@type\":\"OpeningHoursSpecification\",\"dayOfWeek\":[\"Monday\",\"Tuesday\",\"Wednesday\",\"Thursday\",\"Friday\"],\"opens\":\"08:00\",\"closes\":\"17:30\"},{\"@type\":\"OpeningHoursSpecification\",\"dayOfWeek\":[\"Saturday\"],\"opens\":\"08:00\",\"closes\":\"13:00\"},{\"@type\":\"OpeningHoursSpecification\",\"dayOfWeek\":[\"Sunday\"],\"opens\":\"00:00\",\"closes\":\"00:00\"}],\"email\":\"centrolasercali@gmail.com\"},{\"@type\":\"PostalAddress\",\"@id\":\"https:\/\/centrolasercali.com\/terminos-condiciones#local-main-place-address\",\"streetAddress\":\"Calle 5ta B5 # 38-54, San Fernando Viejo\",\"addressLocality\":\"Cali\",\"postalCode\":\"760043\",\"addressRegion\":\"Valle del Cauca\",\"addressCountry\":\"CO\"},{\"@type\":\"ImageObject\",\"inLanguage\":\"en-US\",\"@id\":\"https:\/\/centrolasercali.com\/terminos-condiciones#local-main-organization-logo\",\"url\":\"https:\/\/centrolasercali.com\/wp-content\/uploads\/2024\/01\/logo-centro-laser-rgb-ICO.png\",\"contentUrl\":\"https:\/\/centrolasercali.com\/wp-content\/uploads\/2024\/01\/logo-centro-laser-rgb-ICO.png\",\"width\":512,\"height\":512,\"caption\":\"Centro L\u00e1ser Cali\"}]}<\/script>\n<meta name=\"geo.placename\" content=\"Cali\" \/>\n<meta name=\"geo.position\" content=\"3.4254492770237785;-76.54306432698682\" \/>\n<meta name=\"geo.region\" content=\"Colombia\" \/>\n<!-- \/ Yoast SEO Premium plugin. -->","yoast_head_json":{"title":"T\u00e9rminos &amp; Condiciones | Centro L\u00e1ser Cali","robots":{"index":"index","follow":"follow","max-snippet":"max-snippet:-1","max-image-preview":"max-image-preview:large","max-video-preview":"max-video-preview:-1"},"canonical":"https:\/\/centrolasercali.com\/en\/terms-conditions","og_locale":"en_US","og_type":"article","og_title":"T\u00e9rminos &amp; Condiciones | Centro L\u00e1ser Cali","og_description":"Centro L\u00e1ser Cali Bienvenido al sitio web de Centro L\u00e1ser Cali (www.centrolasercali.com). Al acceder y utilizar este sitio web, aceptas cumplir con los","og_url":"https:\/\/centrolasercali.com\/en\/terms-conditions","og_site_name":"Centro L\u00e1ser Cali","article_publisher":"https:\/\/www.facebook.com\/centrolasercalisas","article_modified_time":"2025-01-08T18:42:57+00:00","twitter_card":"summary_large_image","twitter_site":"@CaliLaser","twitter_misc":{"Est. reading time":"2 minutes"},"schema":{"@context":"https:\/\/schema.org","@graph":[{"@type":"WebPage","@id":"https:\/\/centrolasercali.com\/terminos-condiciones","url":"https:\/\/centrolasercali.com\/terminos-condiciones","name":"T\u00e9rminos &amp; Condiciones | Centro L\u00e1ser Cali","isPartOf":{"@id":"https:\/\/centrolasercali.com\/#website"},"datePublished":"2024-12-04T08:38:46+00:00","dateModified":"2025-01-08T18:42:57+00:00","breadcrumb":{"@id":"https:\/\/centrolasercali.com\/terminos-condiciones#breadcrumb"},"inLanguage":"en-US","potentialAction":[{"@type":"ReadAction","target":["https:\/\/centrolasercali.com\/terminos-condiciones"]}]},{"@type":"BreadcrumbList","@id":"https:\/\/centrolasercali.com\/terminos-condiciones#breadcrumb","itemListElement":[{"@type":"ListItem","position":1,"name":"Inicio","item":"https:\/\/centrolasercali.com\/"},{"@type":"ListItem","position":2,"name":"T\u00e9rminos &amp; Condiciones"}]},{"@type":"WebSite","@id":"https:\/\/centrolasercali.com\/#website","url":"https:\/\/centrolasercali.com\/","name":"Centro L\u00e1ser Cali","description":"Cl\u00ednica de tratamientos l\u00e1ser est\u00e9ticos de \u00faltima tecnolog\u00eda en Cali, Colombia.","publisher":{"@id":"https:\/\/centrolasercali.com\/#organization"},"potentialAction":[{"@type":"SearchAction","target":{"@type":"EntryPoint","urlTemplate":"https:\/\/centrolasercali.com\/?s={search_term_string}"},"query-input":{"@type":"PropertyValueSpecification","valueRequired":true,"valueName":"search_term_string"}}],"inLanguage":"en-US"},{"@type":["Organization","Place"],"@id":"https:\/\/centrolasercali.com\/#organization","name":"Centro L\u00e1ser Cali","url":"https:\/\/centrolasercali.com\/","logo":{"@id":"https:\/\/centrolasercali.com\/terminos-condiciones#local-main-organization-logo"},"image":{"@id":"https:\/\/centrolasercali.com\/terminos-condiciones#local-main-organization-logo"},"sameAs":["https:\/\/www.facebook.com\/centrolasercalisas","https:\/\/x.com\/CaliLaser","https:\/\/www.instagram.com\/centrolasercalisas\/","https:\/\/www.instagram.com\/centrolasercali\/","https:\/\/www.facebook.com\/centrolasercali","https:\/\/www.youtube.com\/@calilaser","https:\/\/www.tiktok.com\/@centro_laser_cali"],"address":{"@id":"https:\/\/centrolasercali.com\/terminos-condiciones#local-main-place-address"},"geo":{"@type":"GeoCoordinates","latitude":"3.4254492770237785","longitude":"-76.54306432698682"},"telephone":["3012753743"],"contactPoint":{"@type":"ContactPoint","email":"centrolasercali@gmail.com"},"openingHoursSpecification":[{"@type":"OpeningHoursSpecification","dayOfWeek":["Monday","Tuesday","Wednesday","Thursday","Friday"],"opens":"08:00","closes":"17:30"},{"@type":"OpeningHoursSpecification","dayOfWeek":["Saturday"],"opens":"08:00","closes":"13:00"},{"@type":"OpeningHoursSpecification","dayOfWeek":["Sunday"],"opens":"00:00","closes":"00:00"}],"email":"centrolasercali@gmail.com"},{"@type":"PostalAddress","@id":"https:\/\/centrolasercali.com\/terminos-condiciones#local-main-place-address","streetAddress":"Calle 5ta B5 # 38-54, San Fernando Viejo","addressLocality":"Cali","postalCode":"760043","addressRegion":"Valle del Cauca","addressCountry":"CO"},{"@type":"ImageObject","inLanguage":"en-US","@id":"https:\/\/centrolasercali.com\/terminos-condiciones#local-main-organization-logo","url":"https:\/\/centrolasercali.com\/wp-content\/uploads\/2024\/01\/logo-centro-laser-rgb-ICO.png","contentUrl":"https:\/\/centrolasercali.com\/wp-content\/uploads\/2024\/01\/logo-centro-laser-rgb-ICO.png","width":512,"height":512,"caption":"Centro L\u00e1ser Cali"}]},"geo.placename":"Cali","geo.position":{"lat":"3.4254492770237785","long":"-76.54306432698682"},"geo.region":"Colombia"},"spectra_custom_meta":{"_edit_lock":["1736362123:7"],"om_disable_all_campaigns":[""],"_uag_custom_page_level_css":[""],"_monsterinsights_skip_tracking":[""],"_monsterinsights_sitenote_active":[""],"site-sidebar-layout":["default"],"site-content-layout":[""],"ast-site-content-layout":[""],"site-content-style":["default"],"site-sidebar-style":["default"],"ast-global-header-display":[""],"ast-banner-title-visibility":[""],"ast-main-header-display":[""],"ast-hfb-above-header-display":[""],"ast-hfb-below-header-display":[""],"ast-hfb-mobile-header-display":[""],"site-post-title":[""],"ast-breadcrumbs-content":[""],"ast-featured-img":[""],"footer-sml-layout":[""],"theme-transparent-header-meta":[""],"adv-header-id-meta":[""],"stick-header-meta":[""],"header-above-stick-meta":[""],"header-main-stick-meta":[""],"header-below-stick-meta":[""],"astra-migrate-meta-layouts":["default"],"ast-page-background-enabled":["default"],"ast-page-background-meta":["a:3:{s:7:\"desktop\";a:12:{s:16:\"background-color\";s:25:\"var(--ast-global-color-4)\";s:16:\"background-image\";s:0:\"\";s:17:\"background-repeat\";s:6:\"repeat\";s:19:\"background-position\";s:13:\"center center\";s:15:\"background-size\";s:4:\"auto\";s:21:\"background-attachment\";s:6:\"scroll\";s:15:\"background-type\";s:0:\"\";s:16:\"background-media\";s:0:\"\";s:12:\"overlay-type\";s:0:\"\";s:13:\"overlay-color\";s:0:\"\";s:15:\"overlay-opacity\";s:0:\"\";s:16:\"overlay-gradient\";s:0:\"\";}s:6:\"tablet\";a:12:{s:16:\"background-color\";s:0:\"\";s:16:\"background-image\";s:0:\"\";s:17:\"background-repeat\";s:6:\"repeat\";s:19:\"background-position\";s:13:\"center center\";s:15:\"background-size\";s:4:\"auto\";s:21:\"background-attachment\";s:6:\"scroll\";s:15:\"background-type\";s:0:\"\";s:16:\"background-media\";s:0:\"\";s:12:\"overlay-type\";s:0:\"\";s:13:\"overlay-color\";s:0:\"\";s:15:\"overlay-opacity\";s:0:\"\";s:16:\"overlay-gradient\";s:0:\"\";}s:6:\"mobile\";a:12:{s:16:\"background-color\";s:0:\"\";s:16:\"background-image\";s:0:\"\";s:17:\"background-repeat\";s:6:\"repeat\";s:19:\"background-position\";s:13:\"center center\";s:15:\"background-size\";s:4:\"auto\";s:21:\"background-attachment\";s:6:\"scroll\";s:15:\"background-type\";s:0:\"\";s:16:\"background-media\";s:0:\"\";s:12:\"overlay-type\";s:0:\"\";s:13:\"overlay-color\";s:0:\"\";s:15:\"overlay-opacity\";s:0:\"\";s:16:\"overlay-gradient\";s:0:\"\";}}"],"ast-content-background-meta":["a:3:{s:7:\"desktop\";a:12:{s:16:\"background-color\";s:25:\"var(--ast-global-color-5)\";s:16:\"background-image\";s:0:\"\";s:17:\"background-repeat\";s:6:\"repeat\";s:19:\"background-position\";s:13:\"center center\";s:15:\"background-size\";s:4:\"auto\";s:21:\"background-attachment\";s:6:\"scroll\";s:15:\"background-type\";s:0:\"\";s:16:\"background-media\";s:0:\"\";s:12:\"overlay-type\";s:0:\"\";s:13:\"overlay-color\";s:0:\"\";s:15:\"overlay-opacity\";s:0:\"\";s:16:\"overlay-gradient\";s:0:\"\";}s:6:\"tablet\";a:12:{s:16:\"background-color\";s:25:\"var(--ast-global-color-5)\";s:16:\"background-image\";s:0:\"\";s:17:\"background-repeat\";s:6:\"repeat\";s:19:\"background-position\";s:13:\"center center\";s:15:\"background-size\";s:4:\"auto\";s:21:\"background-attachment\";s:6:\"scroll\";s:15:\"background-type\";s:0:\"\";s:16:\"background-media\";s:0:\"\";s:12:\"overlay-type\";s:0:\"\";s:13:\"overlay-color\";s:0:\"\";s:15:\"overlay-opacity\";s:0:\"\";s:16:\"overlay-gradient\";s:0:\"\";}s:6:\"mobile\";a:12:{s:16:\"background-color\";s:25:\"var(--ast-global-color-5)\";s:16:\"background-image\";s:0:\"\";s:17:\"background-repeat\";s:6:\"repeat\";s:19:\"background-position\";s:13:\"center center\";s:15:\"background-size\";s:4:\"auto\";s:21:\"background-attachment\";s:6:\"scroll\";s:15:\"background-type\";s:0:\"\";s:16:\"background-media\";s:0:\"\";s:12:\"overlay-type\";s:0:\"\";s:13:\"overlay-color\";s:0:\"\";s:15:\"overlay-opacity\";s:0:\"\";s:16:\"overlay-gradient\";s:0:\"\";}}"],"footnotes":[""],"_edit_last":["7"],"_yoast_indexnow_last_ping":["1736361777"],"_yoast_wpseo_content_score":["90"],"_yoast_wpseo_focuskeywords":[""],"_yoast_wpseo_keywordsynonyms":[""],"_yoast_wpseo_estimated-reading-time-minutes":[""],"_wpb_post_custom_layout":["default"],"_uag_page_assets":["a:9:{s:3:\"css\";s:263:\".uag-blocks-common-selector{z-index:var(--z-index-desktop) !important}@media (max-width: 976px){.uag-blocks-common-selector{z-index:var(--z-index-tablet) !important}}@media (max-width: 767px){.uag-blocks-common-selector{z-index:var(--z-index-mobile) !important}}\n\";s:2:\"js\";s:0:\"\";s:18:\"current_block_list\";a:5:{i:0;s:12:\"core\/heading\";i:1;s:14:\"core\/paragraph\";i:2;s:9:\"core\/list\";i:3;s:14:\"core\/list-item\";i:4;s:10:\"core\/group\";}s:8:\"uag_flag\";b:0;s:11:\"uag_version\";s:10:\"1775598328\";s:6:\"gfonts\";a:0:{}s:10:\"gfonts_url\";s:0:\"\";s:12:\"gfonts_files\";a:0:{}s:14:\"uag_faq_layout\";b:0;}"],"astra_style_timestamp_css":["1772600972"],"_uag_css_file_name":["uag-css-2088.css"]},"uagb_featured_image_src":{"full":false,"thumbnail":false,"medium":false,"medium_large":false,"large":false,"1536x1536":false,"2048x2048":false,"trp-custom-language-flag":false,"woocommerce_thumbnail":false,"woocommerce_single":false,"woocommerce_gallery_thumbnail":false},"uagb_author_info":{"display_name":"Dayanna Chaux","author_link":"https:\/\/centrolasercali.com\/en\/author\/dayanna-chaux"},"uagb_comment_info":0,"uagb_excerpt":"Centro L\u00e1ser Cali Bienvenido al sitio web de Centro L\u00e1ser Cali (www.centrolasercali.com). Al acceder y utilizar este sitio web, aceptas cumplir con los siguientes t\u00e9rminos y condiciones. Si no est\u00e1s [&hellip;]","_links":{"self":[{"href":"https:\/\/centrolasercali.com\/en\/wp-json\/wp\/v2\/pages\/2088","targetHints":{"allow":["GET"]}}],"collection":[{"href":"https:\/\/centrolasercali.com\/en\/wp-json\/wp\/v2\/pages"}],"about":[{"href":"https:\/\/centrolasercali.com\/en\/wp-json\/wp\/v2\/types\/page"}],"author":[{"embeddable":true,"href":"https:\/\/centrolasercali.com\/en\/wp-json\/wp\/v2\/users\/7"}],"replies":[{"embeddable":true,"href":"https:\/\/centrolasercali.com\/en\/wp-json\/wp\/v2\/comments?post=2088"}],"version-history":[{"count":4,"href":"https:\/\/centrolasercali.com\/en\/wp-json\/wp\/v2\/pages\/2088\/revisions"}],"predecessor-version":[{"id":2872,"href":"https:\/\/centrolasercali.com\/en\/wp-json\/wp\/v2\/pages\/2088\/revisions\/2872"}],"wp:attachment":[{"href":"https:\/\/centrolasercali.com\/en\/wp-json\/wp\/v2\/media?parent=2088"}],"curies":[{"name":"wp","href":"https:\/\/api.w.org\/{rel}","templated":true}]}}