{"id":2084,"date":"2024-12-03T17:14:56","date_gmt":"2024-12-03T22:14:56","guid":{"rendered":"https:\/\/centrolasercali.com\/?page_id=2084"},"modified":"2025-01-08T14:36:53","modified_gmt":"2025-01-08T19:36:53","slug":"privacidad","status":"publish","type":"page","link":"https:\/\/centrolasercali.com\/en\/privacy-policy","title":{"rendered":"Privacy policy"},"content":{"rendered":"<h2 class=\"wp-block-heading\" id=\"h-centro-laser-cali\"><strong>Cali Laser Center<\/strong><\/h2>\n\n\n\n<p>In compliance of the <strong>Statutory law 1581 of 2012 for the Protection of Personal Data<\/strong> and <strong>Decree 1377 of 2013<\/strong>, this privacy policy outlines how we collect, use, store, and protect the personal data provided by users of our website,<a href=\"https:\/\/centrolasercali.com\/en\/\"> <strong>www.centrolasercali.com<\/strong><\/a>. When you access our website, you are accepting the practices described in this policy.<\/p>\n\n\n\n<h3 class=\"wp-block-heading\" id=\"h-1-datos-recopilados\"><strong>1. Data collected<\/strong><\/h3>\n\n\n\n<p>We collect the following personal data:<\/p>\n\n\n\n<ul class=\"wp-block-list\">\n<li><strong>Contact form and appointments:<\/strong> Name, email, phone.<\/li>\n\n\n\n<li><strong>Subscriptions:<\/strong> E-mail.<\/li>\n\n\n\n<li><strong>User registration:<\/strong> Basic data for the role of subscriber.<\/li>\n\n\n\n<li><strong>Online payments:<\/strong> Payment details, payment methods and address (processed through WooCommerce).<\/li>\n\n\n\n<li><strong>Cookies:<\/strong> Only cookies which are essential for the website to function.<\/li>\n<\/ul>\n\n\n\n<h3 class=\"wp-block-heading\" id=\"h-2-metodos-de-recopilacion\"><strong>2. Methods of collection<\/strong><\/h3>\n\n\n\n<p>Personal data are collected through:<\/p>\n\n\n\n<ul class=\"wp-block-list\">\n<li>Contact forms.<\/li>\n\n\n\n<li>Sections of subscription to updates.<\/li>\n\n\n\n<li>Registration of users.<\/li>\n\n\n\n<li>Payment processes online.<\/li>\n<\/ul>\n\n\n\n<h3 class=\"wp-block-heading\" id=\"h-3-finalidad-del-tratamiento-de-los-datos\"><strong>3. Purpose of the data processing<\/strong><\/h3>\n\n\n\n<p>The personal data collected is used to:<\/p>\n\n\n\n<ul class=\"wp-block-list\">\n<li>Respond to inquiries or concerns.<\/li>\n\n\n\n<li>Manage and schedule appointments for medical assessment.<\/li>\n\n\n\n<li>Complete online transactions safely and effectively.<\/li>\n\n\n\n<li>Send updates and news to the registered subscribers.<\/li>\n<\/ul>\n\n\n\n<h3 class=\"wp-block-heading\" id=\"h-4-uso-de-cookies\"><strong>4. Use of cookies<\/strong><\/h3>\n\n\n\n<p>We use cookies to basic, necessary to ensure the proper functioning of the website. You can manage your consent to the use of cookies in our<a href=\"http:\/\/www.centrolasercali.com\/en\/cookie-policy\"> <strong>paragraph of cookies<\/strong><\/a>.<\/p>\n\n\n\n<h3 class=\"wp-block-heading\" id=\"h-5-comparticion-de-datos-con-terceros\"><strong>5. Sharing data with third parties<\/strong><\/h3>\n\n\n\n<p><strong>Cali Laser Center <\/strong>do not share personal data directly with third parties. However, we run advertising campaigns in Google Ads and Meta Ads (Facebook and Instagram). These platforms may collect information through cookies or other automated means in accordance with their respective privacy policies.<\/p>\n\n\n\n<h3 class=\"wp-block-heading\" id=\"h-6-derechos-de-los-usuarios\"><strong>6. Rights of users<\/strong><\/h3>\n\n\n\n<p>In accordance with the <strong>Law 1581 of 2012<\/strong>users have the right to:<\/p>\n\n\n\n<ul class=\"wp-block-list\">\n<li>Access, to rectify, update or delete your personal data.<\/li>\n\n\n\n<li>Request that their data not be stored or used for promotional purposes.<\/li>\n\n\n\n<li>Revoke consent given for the processing of data.<\/li>\n<\/ul>\n\n\n\n<p>To exercise your rights, you can contact us through the following channels:<\/p>\n\n\n\n<ul class=\"wp-block-list\">\n<li><strong>E-mail:<\/strong> centrolasercali@gmail.com<\/li>\n\n\n\n<li><strong>Contact form:<\/strong> Available on our website.<\/li>\n\n\n\n<li><strong>WhatsApp:<\/strong> +57 3012753743<\/li>\n<\/ul>\n\n\n\n<h3 class=\"wp-block-heading\" id=\"h-7-seguridad-de-los-datos\"><strong>7. Security of data<\/strong><\/h3>\n\n\n\n<p><strong>Cali Laser Center<\/strong> implements security measures to protect users' personal data, including:<\/p>\n\n\n\n<ul class=\"wp-block-list\">\n<li>SSL certificate on our domain to encrypt communications.<\/li>\n\n\n\n<li>Internal security tools to prevent unauthorized access and cyberattacks.<\/li>\n<\/ul>\n\n\n\n<h3 class=\"wp-block-heading\" id=\"h-8-actualizacion-de-la-politica\"><strong>8. Policy update<\/strong><\/h3>\n\n\n\n<p>This privacy policy is reviewed and updated annually or whenever there are changes in applicable legal regulations or internal data collection and usage practices. The latest update was made in December 2024.<\/p>\n\n\n\n<h3 class=\"wp-block-heading\" id=\"h-9-contacto\"><strong>9. Contact<\/strong><\/h3>\n\n\n\n<p>If you have any questions or concerns regarding this privacy policy, you may contact us through:<\/p>\n\n\n\n<ul class=\"wp-block-list\">\n<li><strong>E-mail:<\/strong> centrolasercali@gmail.com<\/li>\n\n\n\n<li><strong>Phone:<\/strong> +57 3012753743<\/li>\n<\/ul>\n\n\n\n<h3 class=\"wp-block-heading\" id=\"h-marco-legal-aplicable\"><strong>Applicable legal framework<\/strong><\/h3>\n\n\n\n<p>This policy complies with the following regulations:<\/p>\n\n\n\n<ul class=\"wp-block-list\">\n<li><strong>Statutory law 1581 of 2012:<\/strong> Protection of Personal Data.<\/li>\n\n\n\n<li><strong>Decree 1377 of 2013:<\/strong> Regulation of Law 1581 of 2012. *Country: Colombia.<\/li>\n<\/ul>\n\n\n\n<p><strong>Cali Laser Center <\/strong>is committed to ensuring the protection of your personal data, respecting users' rights, and complying with the laws in force in Colombia.<\/p>","protected":false},"excerpt":{"rendered":"<p>Centro L\u00e1ser Cali En cumplimiento de la Ley Estatutaria 1581 de 2012 de Protecci\u00f3n de Datos Personales y del Decreto 1377 de 2013, esta pol\u00edtica de privacidad describe c\u00f3mo recopilamos, [&hellip;]<\/p>","protected":false},"author":7,"featured_media":0,"parent":0,"menu_order":0,"comment_status":"closed","ping_status":"closed","template":"","meta":{"_acf_changed":false,"_uag_custom_page_level_css":"","site-sidebar-layout":"default","site-content-layout":"","ast-site-content-layout":"","site-content-style":"default","site-sidebar-style":"default","ast-global-header-display":"","ast-banner-title-visibility":"","ast-main-header-display":"","ast-hfb-above-header-display":"","ast-hfb-below-header-display":"","ast-hfb-mobile-header-display":"","site-post-title":"","ast-breadcrumbs-content":"","ast-featured-img":"","footer-sml-layout":"","theme-transparent-header-meta":"","adv-header-id-meta":"","stick-header-meta":"","header-above-stick-meta":"","header-main-stick-meta":"","header-below-stick-meta":"","astra-migrate-meta-layouts":"default","ast-page-background-enabled":"default","ast-page-background-meta":{"desktop":{"background-color":"var(--ast-global-color-4)","background-image":"","background-repeat":"repeat","background-position":"center center","background-size":"auto","background-attachment":"scroll","background-type":"","background-media":"","overlay-type":"","overlay-color":"","overlay-opacity":"","overlay-gradient":""},"tablet":{"background-color":"","background-image":"","background-repeat":"repeat","background-position":"center center","background-size":"auto","background-attachment":"scroll","background-type":"","background-media":"","overlay-type":"","overlay-color":"","overlay-opacity":"","overlay-gradient":""},"mobile":{"background-color":"","background-image":"","background-repeat":"repeat","background-position":"center center","background-size":"auto","background-attachment":"scroll","background-type":"","background-media":"","overlay-type":"","overlay-color":"","overlay-opacity":"","overlay-gradient":""}},"ast-content-background-meta":{"desktop":{"background-color":"var(--ast-global-color-5)","background-image":"","background-repeat":"repeat","background-position":"center center","background-size":"auto","background-attachment":"scroll","background-type":"","background-media":"","overlay-type":"","overlay-color":"","overlay-opacity":"","overlay-gradient":""},"tablet":{"background-color":"var(--ast-global-color-5)","background-image":"","background-repeat":"repeat","background-position":"center center","background-size":"auto","background-attachment":"scroll","background-type":"","background-media":"","overlay-type":"","overlay-color":"","overlay-opacity":"","overlay-gradient":""},"mobile":{"background-color":"var(--ast-global-color-5)","background-image":"","background-repeat":"repeat","background-position":"center center","background-size":"auto","background-attachment":"scroll","background-type":"","background-media":"","overlay-type":"","overlay-color":"","overlay-opacity":"","overlay-gradient":""}},"pgc_sgb_lightbox_settings":"","footnotes":""},"class_list":["post-2084","page","type-page","status-publish","hentry"],"acf":[],"yoast_head":"<!-- This site is optimized with the Yoast SEO Premium plugin v23.8 (Yoast SEO v26.9) - https:\/\/yoast.com\/product\/yoast-seo-premium-wordpress\/ -->\n<title>Pol\u00edtica de privacidad | Centro L\u00e1ser Cali<\/title>\n<meta name=\"robots\" content=\"index, follow, max-snippet:-1, max-image-preview:large, max-video-preview:-1\" \/>\n<link rel=\"canonical\" href=\"https:\/\/centrolasercali.com\/en\/privacy-policy\" \/>\n<meta property=\"og:locale\" content=\"en_US\" \/>\n<meta property=\"og:type\" content=\"article\" \/>\n<meta property=\"og:title\" content=\"Pol\u00edtica de privacidad | Centro L\u00e1ser Cali\" \/>\n<meta property=\"og:description\" content=\"Centro L\u00e1ser Cali En cumplimiento de la Ley Estatutaria 1581 de 2012 de Protecci\u00f3n de Datos Personales y del Decreto 1377 de 2013, esta pol\u00edtica de\" \/>\n<meta property=\"og:url\" content=\"https:\/\/centrolasercali.com\/en\/privacy-policy\" \/>\n<meta property=\"og:site_name\" content=\"Centro L\u00e1ser Cali\" \/>\n<meta property=\"article:publisher\" content=\"https:\/\/www.facebook.com\/centrolasercalisas\" \/>\n<meta property=\"article:modified_time\" content=\"2025-01-08T19:36:53+00:00\" \/>\n<meta name=\"twitter:card\" content=\"summary_large_image\" \/>\n<meta name=\"twitter:site\" content=\"@CaliLaser\" \/>\n<meta name=\"twitter:label1\" content=\"Est. reading time\" \/>\n\t<meta name=\"twitter:data1\" content=\"3 minutes\" \/>\n<script type=\"application\/ld+json\" class=\"yoast-schema-graph\">{\"@context\":\"https:\/\/schema.org\",\"@graph\":[{\"@type\":\"WebPage\",\"@id\":\"https:\/\/centrolasercali.com\/privacidad\",\"url\":\"https:\/\/centrolasercali.com\/privacidad\",\"name\":\"Pol\u00edtica de privacidad | Centro L\u00e1ser Cali\",\"isPartOf\":{\"@id\":\"https:\/\/centrolasercali.com\/#website\"},\"datePublished\":\"2024-12-03T22:14:56+00:00\",\"dateModified\":\"2025-01-08T19:36:53+00:00\",\"breadcrumb\":{\"@id\":\"https:\/\/centrolasercali.com\/privacidad#breadcrumb\"},\"inLanguage\":\"en-US\",\"potentialAction\":[{\"@type\":\"ReadAction\",\"target\":[\"https:\/\/centrolasercali.com\/privacidad\"]}]},{\"@type\":\"BreadcrumbList\",\"@id\":\"https:\/\/centrolasercali.com\/privacidad#breadcrumb\",\"itemListElement\":[{\"@type\":\"ListItem\",\"position\":1,\"name\":\"Inicio\",\"item\":\"https:\/\/centrolasercali.com\/\"},{\"@type\":\"ListItem\",\"position\":2,\"name\":\"Pol\u00edtica de privacidad\"}]},{\"@type\":\"WebSite\",\"@id\":\"https:\/\/centrolasercali.com\/#website\",\"url\":\"https:\/\/centrolasercali.com\/\",\"name\":\"Centro L\u00e1ser Cali\",\"description\":\"Cl\u00ednica de tratamientos l\u00e1ser est\u00e9ticos de \u00faltima tecnolog\u00eda en Cali, Colombia.\",\"publisher\":{\"@id\":\"https:\/\/centrolasercali.com\/#organization\"},\"potentialAction\":[{\"@type\":\"SearchAction\",\"target\":{\"@type\":\"EntryPoint\",\"urlTemplate\":\"https:\/\/centrolasercali.com\/?s={search_term_string}\"},\"query-input\":{\"@type\":\"PropertyValueSpecification\",\"valueRequired\":true,\"valueName\":\"search_term_string\"}}],\"inLanguage\":\"en-US\"},{\"@type\":[\"Organization\",\"Place\"],\"@id\":\"https:\/\/centrolasercali.com\/#organization\",\"name\":\"Centro L\u00e1ser Cali\",\"url\":\"https:\/\/centrolasercali.com\/\",\"logo\":{\"@id\":\"https:\/\/centrolasercali.com\/privacidad#local-main-organization-logo\"},\"image\":{\"@id\":\"https:\/\/centrolasercali.com\/privacidad#local-main-organization-logo\"},\"sameAs\":[\"https:\/\/www.facebook.com\/centrolasercalisas\",\"https:\/\/x.com\/CaliLaser\",\"https:\/\/www.instagram.com\/centrolasercalisas\/\",\"https:\/\/www.instagram.com\/centrolasercali\/\",\"https:\/\/www.facebook.com\/centrolasercali\",\"https:\/\/www.youtube.com\/@calilaser\",\"https:\/\/www.tiktok.com\/@centro_laser_cali\"],\"address\":{\"@id\":\"https:\/\/centrolasercali.com\/privacidad#local-main-place-address\"},\"geo\":{\"@type\":\"GeoCoordinates\",\"latitude\":\"3.4254492770237785\",\"longitude\":\"-76.54306432698682\"},\"telephone\":[\"3012753743\"],\"contactPoint\":{\"@type\":\"ContactPoint\",\"email\":\"centrolasercali@gmail.com\"},\"openingHoursSpecification\":[{\"@type\":\"OpeningHoursSpecification\",\"dayOfWeek\":[\"Monday\",\"Tuesday\",\"Wednesday\",\"Thursday\",\"Friday\"],\"opens\":\"08:00\",\"closes\":\"17:30\"},{\"@type\":\"OpeningHoursSpecification\",\"dayOfWeek\":[\"Saturday\"],\"opens\":\"08:00\",\"closes\":\"13:00\"},{\"@type\":\"OpeningHoursSpecification\",\"dayOfWeek\":[\"Sunday\"],\"opens\":\"00:00\",\"closes\":\"00:00\"}],\"email\":\"centrolasercali@gmail.com\"},{\"@type\":\"PostalAddress\",\"@id\":\"https:\/\/centrolasercali.com\/privacidad#local-main-place-address\",\"streetAddress\":\"Calle 5ta B5 # 38-54, San Fernando Viejo\",\"addressLocality\":\"Cali\",\"postalCode\":\"760043\",\"addressRegion\":\"Valle del Cauca\",\"addressCountry\":\"CO\"},{\"@type\":\"ImageObject\",\"inLanguage\":\"en-US\",\"@id\":\"https:\/\/centrolasercali.com\/privacidad#local-main-organization-logo\",\"url\":\"https:\/\/centrolasercali.com\/wp-content\/uploads\/2024\/01\/logo-centro-laser-rgb-ICO.png\",\"contentUrl\":\"https:\/\/centrolasercali.com\/wp-content\/uploads\/2024\/01\/logo-centro-laser-rgb-ICO.png\",\"width\":512,\"height\":512,\"caption\":\"Centro L\u00e1ser Cali\"}]}<\/script>\n<meta name=\"geo.placename\" content=\"Cali\" \/>\n<meta name=\"geo.position\" content=\"3.4254492770237785;-76.54306432698682\" \/>\n<meta name=\"geo.region\" content=\"Colombia\" \/>\n<!-- \/ Yoast SEO Premium plugin. -->","yoast_head_json":{"title":"Pol\u00edtica de privacidad | Centro L\u00e1ser Cali","robots":{"index":"index","follow":"follow","max-snippet":"max-snippet:-1","max-image-preview":"max-image-preview:large","max-video-preview":"max-video-preview:-1"},"canonical":"https:\/\/centrolasercali.com\/en\/privacy-policy","og_locale":"en_US","og_type":"article","og_title":"Pol\u00edtica de privacidad | Centro L\u00e1ser Cali","og_description":"Centro L\u00e1ser Cali En cumplimiento de la Ley Estatutaria 1581 de 2012 de Protecci\u00f3n de Datos Personales y del Decreto 1377 de 2013, esta pol\u00edtica de","og_url":"https:\/\/centrolasercali.com\/en\/privacy-policy","og_site_name":"Centro L\u00e1ser Cali","article_publisher":"https:\/\/www.facebook.com\/centrolasercalisas","article_modified_time":"2025-01-08T19:36:53+00:00","twitter_card":"summary_large_image","twitter_site":"@CaliLaser","twitter_misc":{"Est. reading time":"3 minutes"},"schema":{"@context":"https:\/\/schema.org","@graph":[{"@type":"WebPage","@id":"https:\/\/centrolasercali.com\/privacidad","url":"https:\/\/centrolasercali.com\/privacidad","name":"Pol\u00edtica de privacidad | Centro L\u00e1ser Cali","isPartOf":{"@id":"https:\/\/centrolasercali.com\/#website"},"datePublished":"2024-12-03T22:14:56+00:00","dateModified":"2025-01-08T19:36:53+00:00","breadcrumb":{"@id":"https:\/\/centrolasercali.com\/privacidad#breadcrumb"},"inLanguage":"en-US","potentialAction":[{"@type":"ReadAction","target":["https:\/\/centrolasercali.com\/privacidad"]}]},{"@type":"BreadcrumbList","@id":"https:\/\/centrolasercali.com\/privacidad#breadcrumb","itemListElement":[{"@type":"ListItem","position":1,"name":"Inicio","item":"https:\/\/centrolasercali.com\/"},{"@type":"ListItem","position":2,"name":"Pol\u00edtica de privacidad"}]},{"@type":"WebSite","@id":"https:\/\/centrolasercali.com\/#website","url":"https:\/\/centrolasercali.com\/","name":"Centro L\u00e1ser Cali","description":"Cl\u00ednica de tratamientos l\u00e1ser est\u00e9ticos de \u00faltima tecnolog\u00eda en Cali, Colombia.","publisher":{"@id":"https:\/\/centrolasercali.com\/#organization"},"potentialAction":[{"@type":"SearchAction","target":{"@type":"EntryPoint","urlTemplate":"https:\/\/centrolasercali.com\/?s={search_term_string}"},"query-input":{"@type":"PropertyValueSpecification","valueRequired":true,"valueName":"search_term_string"}}],"inLanguage":"en-US"},{"@type":["Organization","Place"],"@id":"https:\/\/centrolasercali.com\/#organization","name":"Centro L\u00e1ser Cali","url":"https:\/\/centrolasercali.com\/","logo":{"@id":"https:\/\/centrolasercali.com\/privacidad#local-main-organization-logo"},"image":{"@id":"https:\/\/centrolasercali.com\/privacidad#local-main-organization-logo"},"sameAs":["https:\/\/www.facebook.com\/centrolasercalisas","https:\/\/x.com\/CaliLaser","https:\/\/www.instagram.com\/centrolasercalisas\/","https:\/\/www.instagram.com\/centrolasercali\/","https:\/\/www.facebook.com\/centrolasercali","https:\/\/www.youtube.com\/@calilaser","https:\/\/www.tiktok.com\/@centro_laser_cali"],"address":{"@id":"https:\/\/centrolasercali.com\/privacidad#local-main-place-address"},"geo":{"@type":"GeoCoordinates","latitude":"3.4254492770237785","longitude":"-76.54306432698682"},"telephone":["3012753743"],"contactPoint":{"@type":"ContactPoint","email":"centrolasercali@gmail.com"},"openingHoursSpecification":[{"@type":"OpeningHoursSpecification","dayOfWeek":["Monday","Tuesday","Wednesday","Thursday","Friday"],"opens":"08:00","closes":"17:30"},{"@type":"OpeningHoursSpecification","dayOfWeek":["Saturday"],"opens":"08:00","closes":"13:00"},{"@type":"OpeningHoursSpecification","dayOfWeek":["Sunday"],"opens":"00:00","closes":"00:00"}],"email":"centrolasercali@gmail.com"},{"@type":"PostalAddress","@id":"https:\/\/centrolasercali.com\/privacidad#local-main-place-address","streetAddress":"Calle 5ta B5 # 38-54, San Fernando Viejo","addressLocality":"Cali","postalCode":"760043","addressRegion":"Valle del Cauca","addressCountry":"CO"},{"@type":"ImageObject","inLanguage":"en-US","@id":"https:\/\/centrolasercali.com\/privacidad#local-main-organization-logo","url":"https:\/\/centrolasercali.com\/wp-content\/uploads\/2024\/01\/logo-centro-laser-rgb-ICO.png","contentUrl":"https:\/\/centrolasercali.com\/wp-content\/uploads\/2024\/01\/logo-centro-laser-rgb-ICO.png","width":512,"height":512,"caption":"Centro L\u00e1ser Cali"}]},"geo.placename":"Cali","geo.position":{"lat":"3.4254492770237785","long":"-76.54306432698682"},"geo.region":"Colombia"},"spectra_custom_meta":{"_edit_lock":["1736365032:7"],"om_disable_all_campaigns":[""],"_uag_custom_page_level_css":[""],"_monsterinsights_skip_tracking":[""],"_monsterinsights_sitenote_active":[""],"site-sidebar-layout":["default"],"site-content-layout":[""],"ast-site-content-layout":[""],"site-content-style":["default"],"site-sidebar-style":["default"],"ast-global-header-display":[""],"ast-banner-title-visibility":[""],"ast-main-header-display":[""],"ast-hfb-above-header-display":[""],"ast-hfb-below-header-display":[""],"ast-hfb-mobile-header-display":[""],"site-post-title":[""],"ast-breadcrumbs-content":[""],"ast-featured-img":[""],"footer-sml-layout":[""],"theme-transparent-header-meta":[""],"adv-header-id-meta":[""],"stick-header-meta":[""],"header-above-stick-meta":[""],"header-main-stick-meta":[""],"header-below-stick-meta":[""],"astra-migrate-meta-layouts":["default"],"ast-page-background-enabled":["default"],"ast-page-background-meta":["a:3:{s:7:\"desktop\";a:12:{s:16:\"background-color\";s:25:\"var(--ast-global-color-4)\";s:16:\"background-image\";s:0:\"\";s:17:\"background-repeat\";s:6:\"repeat\";s:19:\"background-position\";s:13:\"center center\";s:15:\"background-size\";s:4:\"auto\";s:21:\"background-attachment\";s:6:\"scroll\";s:15:\"background-type\";s:0:\"\";s:16:\"background-media\";s:0:\"\";s:12:\"overlay-type\";s:0:\"\";s:13:\"overlay-color\";s:0:\"\";s:15:\"overlay-opacity\";s:0:\"\";s:16:\"overlay-gradient\";s:0:\"\";}s:6:\"tablet\";a:12:{s:16:\"background-color\";s:0:\"\";s:16:\"background-image\";s:0:\"\";s:17:\"background-repeat\";s:6:\"repeat\";s:19:\"background-position\";s:13:\"center center\";s:15:\"background-size\";s:4:\"auto\";s:21:\"background-attachment\";s:6:\"scroll\";s:15:\"background-type\";s:0:\"\";s:16:\"background-media\";s:0:\"\";s:12:\"overlay-type\";s:0:\"\";s:13:\"overlay-color\";s:0:\"\";s:15:\"overlay-opacity\";s:0:\"\";s:16:\"overlay-gradient\";s:0:\"\";}s:6:\"mobile\";a:12:{s:16:\"background-color\";s:0:\"\";s:16:\"background-image\";s:0:\"\";s:17:\"background-repeat\";s:6:\"repeat\";s:19:\"background-position\";s:13:\"center center\";s:15:\"background-size\";s:4:\"auto\";s:21:\"background-attachment\";s:6:\"scroll\";s:15:\"background-type\";s:0:\"\";s:16:\"background-media\";s:0:\"\";s:12:\"overlay-type\";s:0:\"\";s:13:\"overlay-color\";s:0:\"\";s:15:\"overlay-opacity\";s:0:\"\";s:16:\"overlay-gradient\";s:0:\"\";}}"],"ast-content-background-meta":["a:3:{s:7:\"desktop\";a:12:{s:16:\"background-color\";s:25:\"var(--ast-global-color-5)\";s:16:\"background-image\";s:0:\"\";s:17:\"background-repeat\";s:6:\"repeat\";s:19:\"background-position\";s:13:\"center center\";s:15:\"background-size\";s:4:\"auto\";s:21:\"background-attachment\";s:6:\"scroll\";s:15:\"background-type\";s:0:\"\";s:16:\"background-media\";s:0:\"\";s:12:\"overlay-type\";s:0:\"\";s:13:\"overlay-color\";s:0:\"\";s:15:\"overlay-opacity\";s:0:\"\";s:16:\"overlay-gradient\";s:0:\"\";}s:6:\"tablet\";a:12:{s:16:\"background-color\";s:25:\"var(--ast-global-color-5)\";s:16:\"background-image\";s:0:\"\";s:17:\"background-repeat\";s:6:\"repeat\";s:19:\"background-position\";s:13:\"center center\";s:15:\"background-size\";s:4:\"auto\";s:21:\"background-attachment\";s:6:\"scroll\";s:15:\"background-type\";s:0:\"\";s:16:\"background-media\";s:0:\"\";s:12:\"overlay-type\";s:0:\"\";s:13:\"overlay-color\";s:0:\"\";s:15:\"overlay-opacity\";s:0:\"\";s:16:\"overlay-gradient\";s:0:\"\";}s:6:\"mobile\";a:12:{s:16:\"background-color\";s:25:\"var(--ast-global-color-5)\";s:16:\"background-image\";s:0:\"\";s:17:\"background-repeat\";s:6:\"repeat\";s:19:\"background-position\";s:13:\"center center\";s:15:\"background-size\";s:4:\"auto\";s:21:\"background-attachment\";s:6:\"scroll\";s:15:\"background-type\";s:0:\"\";s:16:\"background-media\";s:0:\"\";s:12:\"overlay-type\";s:0:\"\";s:13:\"overlay-color\";s:0:\"\";s:15:\"overlay-opacity\";s:0:\"\";s:16:\"overlay-gradient\";s:0:\"\";}}"],"footnotes":[""],"_edit_last":["7"],"_yoast_indexnow_last_ping":["1736365014"],"_yoast_wpseo_content_score":["90"],"_yoast_wpseo_focuskeywords":[""],"_yoast_wpseo_keywordsynonyms":[""],"_yoast_wpseo_estimated-reading-time-minutes":[""],"_wpb_post_custom_layout":["default"],"_uag_page_assets":["a:9:{s:3:\"css\";s:263:\".uag-blocks-common-selector{z-index:var(--z-index-desktop) !important}@media (max-width: 976px){.uag-blocks-common-selector{z-index:var(--z-index-tablet) !important}}@media (max-width: 767px){.uag-blocks-common-selector{z-index:var(--z-index-mobile) !important}}\n\";s:2:\"js\";s:0:\"\";s:18:\"current_block_list\";a:5:{i:0;s:12:\"core\/heading\";i:1;s:14:\"core\/paragraph\";i:2;s:9:\"core\/list\";i:3;s:14:\"core\/list-item\";i:4;s:10:\"core\/group\";}s:8:\"uag_flag\";b:0;s:11:\"uag_version\";s:10:\"1775598328\";s:6:\"gfonts\";a:0:{}s:10:\"gfonts_url\";s:0:\"\";s:12:\"gfonts_files\";a:0:{}s:14:\"uag_faq_layout\";b:0;}"],"astra_style_timestamp_css":["1772593888"],"_uag_css_file_name":["uag-css-2084.css"]},"uagb_featured_image_src":{"full":false,"thumbnail":false,"medium":false,"medium_large":false,"large":false,"1536x1536":false,"2048x2048":false,"trp-custom-language-flag":false,"woocommerce_thumbnail":false,"woocommerce_single":false,"woocommerce_gallery_thumbnail":false},"uagb_author_info":{"display_name":"Dayanna Chaux","author_link":"https:\/\/centrolasercali.com\/en\/author\/dayanna-chaux"},"uagb_comment_info":0,"uagb_excerpt":"Centro L\u00e1ser Cali En cumplimiento de la Ley Estatutaria 1581 de 2012 de Protecci\u00f3n de Datos Personales y del Decreto 1377 de 2013, esta pol\u00edtica de privacidad describe c\u00f3mo recopilamos, [&hellip;]","_links":{"self":[{"href":"https:\/\/centrolasercali.com\/en\/wp-json\/wp\/v2\/pages\/2084","targetHints":{"allow":["GET"]}}],"collection":[{"href":"https:\/\/centrolasercali.com\/en\/wp-json\/wp\/v2\/pages"}],"about":[{"href":"https:\/\/centrolasercali.com\/en\/wp-json\/wp\/v2\/types\/page"}],"author":[{"embeddable":true,"href":"https:\/\/centrolasercali.com\/en\/wp-json\/wp\/v2\/users\/7"}],"replies":[{"embeddable":true,"href":"https:\/\/centrolasercali.com\/en\/wp-json\/wp\/v2\/comments?post=2084"}],"version-history":[{"count":5,"href":"https:\/\/centrolasercali.com\/en\/wp-json\/wp\/v2\/pages\/2084\/revisions"}],"predecessor-version":[{"id":2876,"href":"https:\/\/centrolasercali.com\/en\/wp-json\/wp\/v2\/pages\/2084\/revisions\/2876"}],"wp:attachment":[{"href":"https:\/\/centrolasercali.com\/en\/wp-json\/wp\/v2\/media?parent=2084"}],"curies":[{"name":"wp","href":"https:\/\/api.w.org\/{rel}","templated":true}]}}